{"id":2432,"date":"2025-05-13T15:55:34","date_gmt":"2025-05-13T13:55:34","guid":{"rendered":"https:\/\/bluebeam22dev.wpengine.com\/se\/?page_id=2432"},"modified":"2026-02-20T03:05:58","modified_gmt":"2026-02-20T02:05:58","slug":"overlagring-jamforelse-och-markeringslistan","status":"publish","type":"page","link":"https:\/\/www.bluebeam.com\/se\/resources\/webinars\/overlagring-jamforelse-och-markeringslistan\/","title":{"rendered":"Introduktion till \u00d6verlagra, J\u00e4mf\u00f6r och Markeringslistan"},"content":{"rendered":"","protected":false},"excerpt":{"rendered":"","protected":false},"author":8,"featured_media":0,"parent":1840,"menu_order":0,"comment_status":"closed","ping_status":"closed","template":"page-templates\/gated-content-landing.php","meta":{"_acf_changed":true,"_genesis_hide_title":false,"_genesis_hide_breadcrumbs":false,"_genesis_hide_singular_image":false,"_genesis_hide_footer_widgets":false,"_genesis_custom_body_class":"","_genesis_custom_post_class":"","_genesis_layout":"","footnotes":""},"tags":[],"resource_type":[],"resource_category":[],"resource_keyword":[],"class_list":{"0":"post-2432","1":"page","2":"type-page","3":"status-publish","5":"entry"},"acf":[],"_links":{"self":[{"href":"https:\/\/www.bluebeam.com\/se\/wp-json\/wp\/v2\/pages\/2432","targetHints":{"allow":["GET"]}}],"collection":[{"href":"https:\/\/www.bluebeam.com\/se\/wp-json\/wp\/v2\/pages"}],"about":[{"href":"https:\/\/www.bluebeam.com\/se\/wp-json\/wp\/v2\/types\/page"}],"author":[{"embeddable":true,"href":"https:\/\/www.bluebeam.com\/se\/wp-json\/wp\/v2\/users\/8"}],"replies":[{"embeddable":true,"href":"https:\/\/www.bluebeam.com\/se\/wp-json\/wp\/v2\/comments?post=2432"}],"version-history":[{"count":0,"href":"https:\/\/www.bluebeam.com\/se\/wp-json\/wp\/v2\/pages\/2432\/revisions"}],"up":[{"embeddable":true,"href":"https:\/\/www.bluebeam.com\/se\/wp-json\/wp\/v2\/pages\/1840"}],"wp:attachment":[{"href":"https:\/\/www.bluebeam.com\/se\/wp-json\/wp\/v2\/media?parent=2432"}],"wp:term":[{"taxonomy":"post_tag","embeddable":true,"href":"https:\/\/www.bluebeam.com\/se\/wp-json\/wp\/v2\/tags?post=2432"},{"taxonomy":"resource_type","embeddable":true,"href":"https:\/\/www.bluebeam.com\/se\/wp-json\/wp\/v2\/resource_type?post=2432"},{"taxonomy":"resource_category","embeddable":true,"href":"https:\/\/www.bluebeam.com\/se\/wp-json\/wp\/v2\/resource_category?post=2432"},{"taxonomy":"resource_keyword","embeddable":true,"href":"https:\/\/www.bluebeam.com\/se\/wp-json\/wp\/v2\/resource_keyword?post=2432"}],"curies":[{"name":"wp","href":"https:\/\/api.w.org\/{rel}","templated":true}]}}