{"id":2236,"date":"2024-11-04T06:30:39","date_gmt":"2024-11-04T14:30:39","guid":{"rendered":"https:\/\/bluebeam22dev.wpengine.com\/se\/?page_id=2236"},"modified":"2026-02-20T03:11:13","modified_gmt":"2026-02-20T02:11:13","slug":"2024-year-in-revu","status":"publish","type":"page","link":"https:\/\/www.bluebeam.com\/se\/resources\/webinars\/2024-year-in-revu\/","title":{"rendered":"Ett \u00e5r med Revu: Bluebeam-h\u00f6jdpunkter fr\u00e5n 2024"},"content":{"rendered":"","protected":false},"excerpt":{"rendered":"","protected":false},"author":8,"featured_media":0,"parent":1840,"menu_order":0,"comment_status":"closed","ping_status":"closed","template":"page-templates\/gated-content-landing.php","meta":{"_acf_changed":true,"_genesis_hide_title":false,"_genesis_hide_breadcrumbs":false,"_genesis_hide_singular_image":false,"_genesis_hide_footer_widgets":false,"_genesis_custom_body_class":"","_genesis_custom_post_class":"","_genesis_layout":"","footnotes":""},"tags":[],"resource_type":[3],"resource_category":[10],"resource_keyword":[16,18,35],"resource_region":[],"class_list":{"0":"post-2236","1":"page","2":"type-page","3":"status-publish","5":"entry"},"acf":[],"_links":{"self":[{"href":"https:\/\/www.bluebeam.com\/se\/wp-json\/wp\/v2\/pages\/2236","targetHints":{"allow":["GET"]}}],"collection":[{"href":"https:\/\/www.bluebeam.com\/se\/wp-json\/wp\/v2\/pages"}],"about":[{"href":"https:\/\/www.bluebeam.com\/se\/wp-json\/wp\/v2\/types\/page"}],"author":[{"embeddable":true,"href":"https:\/\/www.bluebeam.com\/se\/wp-json\/wp\/v2\/users\/8"}],"replies":[{"embeddable":true,"href":"https:\/\/www.bluebeam.com\/se\/wp-json\/wp\/v2\/comments?post=2236"}],"version-history":[{"count":0,"href":"https:\/\/www.bluebeam.com\/se\/wp-json\/wp\/v2\/pages\/2236\/revisions"}],"up":[{"embeddable":true,"href":"https:\/\/www.bluebeam.com\/se\/wp-json\/wp\/v2\/pages\/1840"}],"wp:attachment":[{"href":"https:\/\/www.bluebeam.com\/se\/wp-json\/wp\/v2\/media?parent=2236"}],"wp:term":[{"taxonomy":"post_tag","embeddable":true,"href":"https:\/\/www.bluebeam.com\/se\/wp-json\/wp\/v2\/tags?post=2236"},{"taxonomy":"resource_type","embeddable":true,"href":"https:\/\/www.bluebeam.com\/se\/wp-json\/wp\/v2\/resource_type?post=2236"},{"taxonomy":"resource_category","embeddable":true,"href":"https:\/\/www.bluebeam.com\/se\/wp-json\/wp\/v2\/resource_category?post=2236"},{"taxonomy":"resource_keyword","embeddable":true,"href":"https:\/\/www.bluebeam.com\/se\/wp-json\/wp\/v2\/resource_keyword?post=2236"},{"taxonomy":"resource_region","embeddable":true,"href":"https:\/\/www.bluebeam.com\/se\/wp-json\/wp\/v2\/resource_region?post=2236"}],"curies":[{"name":"wp","href":"https:\/\/api.w.org\/{rel}","templated":true}]}}