{"id":1672,"date":"2023-01-17T13:38:02","date_gmt":"2023-01-17T21:38:02","guid":{"rendered":"https:\/\/bluebeam22dev.wpengine.com\/se\/?page_id=1672"},"modified":"2025-07-23T18:09:23","modified_gmt":"2025-07-23T16:09:23","slug":"roi-calculator","status":"publish","type":"page","link":"https:\/\/www.bluebeam.com\/se\/resources\/roi-calculator\/","title":{"rendered":"R\u00e4knare f\u00f6r ber\u00e4kning av ROI (avkastning p\u00e5 investering)"},"content":{"rendered":"","protected":false},"excerpt":{"rendered":"","protected":false},"author":3,"featured_media":0,"parent":1241,"menu_order":0,"comment_status":"closed","ping_status":"closed","template":"page-templates\/roi-calculator.php","meta":{"_acf_changed":true,"_genesis_hide_title":false,"_genesis_hide_breadcrumbs":false,"_genesis_hide_singular_image":false,"_genesis_hide_footer_widgets":false,"_genesis_custom_body_class":"","_genesis_custom_post_class":"","_genesis_layout":"","footnotes":""},"tags":[],"resource_type":[],"resource_category":[],"resource_keyword":[],"resource_region":[],"class_list":{"0":"post-1672","1":"page","2":"type-page","3":"status-publish","5":"entry"},"acf":[],"_links":{"self":[{"href":"https:\/\/www.bluebeam.com\/se\/wp-json\/wp\/v2\/pages\/1672","targetHints":{"allow":["GET"]}}],"collection":[{"href":"https:\/\/www.bluebeam.com\/se\/wp-json\/wp\/v2\/pages"}],"about":[{"href":"https:\/\/www.bluebeam.com\/se\/wp-json\/wp\/v2\/types\/page"}],"author":[{"embeddable":true,"href":"https:\/\/www.bluebeam.com\/se\/wp-json\/wp\/v2\/users\/3"}],"replies":[{"embeddable":true,"href":"https:\/\/www.bluebeam.com\/se\/wp-json\/wp\/v2\/comments?post=1672"}],"version-history":[{"count":0,"href":"https:\/\/www.bluebeam.com\/se\/wp-json\/wp\/v2\/pages\/1672\/revisions"}],"up":[{"embeddable":true,"href":"https:\/\/www.bluebeam.com\/se\/wp-json\/wp\/v2\/pages\/1241"}],"wp:attachment":[{"href":"https:\/\/www.bluebeam.com\/se\/wp-json\/wp\/v2\/media?parent=1672"}],"wp:term":[{"taxonomy":"post_tag","embeddable":true,"href":"https:\/\/www.bluebeam.com\/se\/wp-json\/wp\/v2\/tags?post=1672"},{"taxonomy":"resource_type","embeddable":true,"href":"https:\/\/www.bluebeam.com\/se\/wp-json\/wp\/v2\/resource_type?post=1672"},{"taxonomy":"resource_category","embeddable":true,"href":"https:\/\/www.bluebeam.com\/se\/wp-json\/wp\/v2\/resource_category?post=1672"},{"taxonomy":"resource_keyword","embeddable":true,"href":"https:\/\/www.bluebeam.com\/se\/wp-json\/wp\/v2\/resource_keyword?post=1672"},{"taxonomy":"resource_region","embeddable":true,"href":"https:\/\/www.bluebeam.com\/se\/wp-json\/wp\/v2\/resource_region?post=1672"}],"curies":[{"name":"wp","href":"https:\/\/api.w.org\/{rel}","templated":true}]}}