{"id":2782,"date":"2025-05-05T05:45:01","date_gmt":"2025-05-05T12:45:01","guid":{"rendered":"https:\/\/bluebeam22dev.wpengine.com\/de\/?page_id=2782"},"modified":"2026-02-20T04:25:05","modified_gmt":"2026-02-20T03:25:05","slug":"bluebeam-for-educators-and-students","status":"publish","type":"page","link":"https:\/\/www.bluebeam.com\/de\/resources\/webinars\/bluebeam-for-educators-and-students\/","title":{"rendered":"Unser Masterplan f\u00fcr Erfolg: Bluebeam f\u00fcr Lehrkr\u00e4fte und Studierende"},"content":{"rendered":"","protected":false},"excerpt":{"rendered":"","protected":false},"author":8,"featured_media":0,"parent":1909,"menu_order":0,"comment_status":"closed","ping_status":"closed","template":"page-templates\/gated-content-landing.php","meta":{"_acf_changed":true,"_genesis_hide_title":false,"_genesis_hide_breadcrumbs":false,"_genesis_hide_singular_image":false,"_genesis_hide_footer_widgets":false,"_genesis_custom_body_class":"","_genesis_custom_post_class":"","_genesis_layout":"","footnotes":""},"tags":[],"resource_type":[3],"resource_category":[9,10,11],"resource_keyword":[15,17,35],"resource_region":[],"class_list":{"0":"post-2782","1":"page","2":"type-page","3":"status-publish","5":"entry"},"acf":[],"_links":{"self":[{"href":"https:\/\/www.bluebeam.com\/de\/wp-json\/wp\/v2\/pages\/2782","targetHints":{"allow":["GET"]}}],"collection":[{"href":"https:\/\/www.bluebeam.com\/de\/wp-json\/wp\/v2\/pages"}],"about":[{"href":"https:\/\/www.bluebeam.com\/de\/wp-json\/wp\/v2\/types\/page"}],"author":[{"embeddable":true,"href":"https:\/\/www.bluebeam.com\/de\/wp-json\/wp\/v2\/users\/8"}],"replies":[{"embeddable":true,"href":"https:\/\/www.bluebeam.com\/de\/wp-json\/wp\/v2\/comments?post=2782"}],"version-history":[{"count":0,"href":"https:\/\/www.bluebeam.com\/de\/wp-json\/wp\/v2\/pages\/2782\/revisions"}],"up":[{"embeddable":true,"href":"https:\/\/www.bluebeam.com\/de\/wp-json\/wp\/v2\/pages\/1909"}],"wp:attachment":[{"href":"https:\/\/www.bluebeam.com\/de\/wp-json\/wp\/v2\/media?parent=2782"}],"wp:term":[{"taxonomy":"post_tag","embeddable":true,"href":"https:\/\/www.bluebeam.com\/de\/wp-json\/wp\/v2\/tags?post=2782"},{"taxonomy":"resource_type","embeddable":true,"href":"https:\/\/www.bluebeam.com\/de\/wp-json\/wp\/v2\/resource_type?post=2782"},{"taxonomy":"resource_category","embeddable":true,"href":"https:\/\/www.bluebeam.com\/de\/wp-json\/wp\/v2\/resource_category?post=2782"},{"taxonomy":"resource_keyword","embeddable":true,"href":"https:\/\/www.bluebeam.com\/de\/wp-json\/wp\/v2\/resource_keyword?post=2782"},{"taxonomy":"resource_region","embeddable":true,"href":"https:\/\/www.bluebeam.com\/de\/wp-json\/wp\/v2\/resource_region?post=2782"}],"curies":[{"name":"wp","href":"https:\/\/api.w.org\/{rel}","templated":true}]}}